{"id":219,"date":"2022-10-21T17:11:43","date_gmt":"2022-10-21T17:11:43","guid":{"rendered":"https:\/\/lodz-gorna.adwent.pl\/?page_id=219"},"modified":"2025-08-05T16:29:16","modified_gmt":"2025-08-05T16:29:16","slug":"o-naszym-kosciele","status":"publish","type":"page","link":"https:\/\/lodz-gorna.adwent.pl\/?page_id=219","title":{"rendered":"O naszym Ko\u015bciele"},"content":{"rendered":"\t\t<div data-elementor-type=\"wp-page\" data-elementor-id=\"219\" class=\"elementor elementor-219\">\n\t\t\t\t\t\t<section class=\"elementor-section elementor-top-section elementor-element elementor-element-f61f684 elementor-section-boxed elementor-section-height-default elementor-section-height-default\" data-id=\"f61f684\" data-element_type=\"section\">\n\t\t\t\t\t\t<div class=\"elementor-container elementor-column-gap-default\">\n\t\t\t\t\t<div class=\"elementor-column elementor-col-100 elementor-top-column elementor-element elementor-element-35847ec\" data-id=\"35847ec\" data-element_type=\"column\">\n\t\t\t<div class=\"elementor-widget-wrap elementor-element-populated\">\n\t\t\t\t\t\t<div class=\"elementor-element elementor-element-ee41265 elementor-widget elementor-widget-image\" data-id=\"ee41265\" data-element_type=\"widget\" data-widget_type=\"image.default\">\n\t\t\t\t<div class=\"elementor-widget-container\">\n\t\t\t\t\t\t\t\t\t\t\t\t\t\t\t<img fetchpriority=\"high\" decoding=\"async\" width=\"812\" height=\"457\" src=\"https:\/\/lodz-gorna.adwent.pl\/wp-content\/uploads\/2025\/08\/Zewnetrze-poziom-3-2-1024x576.jpg\" class=\"attachment-large size-large wp-image-272\" alt=\"\" srcset=\"https:\/\/lodz-gorna.adwent.pl\/wp-content\/uploads\/2025\/08\/Zewnetrze-poziom-3-2-1024x576.jpg 1024w, https:\/\/lodz-gorna.adwent.pl\/wp-content\/uploads\/2025\/08\/Zewnetrze-poziom-3-2-300x169.jpg 300w, https:\/\/lodz-gorna.adwent.pl\/wp-content\/uploads\/2025\/08\/Zewnetrze-poziom-3-2-768x432.jpg 768w, https:\/\/lodz-gorna.adwent.pl\/wp-content\/uploads\/2025\/08\/Zewnetrze-poziom-3-2-1536x865.jpg 1536w, https:\/\/lodz-gorna.adwent.pl\/wp-content\/uploads\/2025\/08\/Zewnetrze-poziom-3-2-2048x1153.jpg 2048w\" sizes=\"(max-width: 812px) 100vw, 812px\" \/>\t\t\t\t\t\t\t\t\t\t\t\t\t\t\t<\/div>\n\t\t\t\t<\/div>\n\t\t\t\t\t<\/div>\n\t\t<\/div>\n\t\t\t\t\t<\/div>\n\t\t<\/section>\n\t\t\t\t<section class=\"elementor-section elementor-top-section elementor-element elementor-element-bcee14f elementor-section-boxed elementor-section-height-default elementor-section-height-default\" data-id=\"bcee14f\" data-element_type=\"section\">\n\t\t\t\t\t\t<div class=\"elementor-container elementor-column-gap-default\">\n\t\t\t\t\t<div class=\"elementor-column elementor-col-100 elementor-top-column elementor-element elementor-element-de198cb\" data-id=\"de198cb\" data-element_type=\"column\">\n\t\t\t<div class=\"elementor-widget-wrap elementor-element-populated\">\n\t\t\t\t\t\t<div class=\"elementor-element elementor-element-5874e6b elementor-widget__width-initial elementor-widget elementor-widget-text-editor\" data-id=\"5874e6b\" data-element_type=\"widget\" data-widget_type=\"text-editor.default\">\n\t\t\t\t<div class=\"elementor-widget-container\">\n\t\t\t\t\t\t\t\t\t<h4>Nasze korzenie<\/h4><p>Jeste\u015bmy chrze\u015bcijanami, Ko\u015bcio\u0142em wywodz\u0105cym si\u0119 z tradycji protestanckiej drugiego fali tzn. ewangelikalnej. Swoimi korzeniami historycznymi si\u0119gamy XIX-wiecznych Stan\u00f3w Zjednoczonych Ameryki P\u00f3\u0142nocnej i takich wyzna\u0144 jak metody\u015bci czy bapty\u015bci, jednak nasze teologiczne \u017ar\u00f3d\u0142a tkwi\u0105 w my\u015bli wczesnego chrze\u015bcija\u0144stwa I wieku, a wi\u0119c Ko\u015bcio\u0142a prowadzonego przez aposto\u0142\u00f3w i pierwszych uczni\u00f3w Jezusa Chrystusa.<\/p><h4>Protestanci<\/h4><p>W my\u015bl protestanckiej zasady przyjmujemy, i\u017c:<\/p><p>jedynym \u017ar\u00f3d\u0142em wiary (doktryny) jest Pismo \u015awi\u0119te Starego i Nowego Testamentu (Biblia) &#8211; zasada sola Scriptura;<\/p><ul><li>cz\u0142owiek zbawiony jest jedynie dzi\u0119ki \u0142asce Boga (nie mo\u017cna zas\u0142u\u017cy\u0107 sobie na Bo\u017c\u0105 \u0142ask\u0119) &#8211; zasada sola gratia;<\/li><li>cz\u0142owiek przyjmuje \u0142ask\u0119 Boga jedynie poprzez akt wiary (dobre zachowanie jest jedynie wynikiem przyj\u0119cia Bo\u017cej \u0142aski) &#8211; zasada sola fide;<\/li><li>jedynym po\u015brednikiem mi\u0119dzy Bogiem a lud\u017ami jest Syn Bo\u017cy, Jezus Chrystus &#8211; zasada solus Christus;<\/li><li>chwa\u0142\u0119 i cze\u015b\u0107 oddajemy jedynie Bogu (nie modlimy si\u0119 i nie czcimy anio\u0142\u00f3w oraz \u015bwi\u0119tych) &#8211; zasada soli Deo gloria.<\/li><\/ul><h4>Organizacja Ko\u015bcio\u0142a<\/h4><p>To, co w Ko\u015bciele katolickim nazywa si\u0119 parafi\u0105 u nas nazywa si\u0119 zborem (od zbierania si\u0119), a duchowny to pastor lub ewangelista. Duchownymi mog\u0105 r\u00f3wnie\u017c by\u0107 kobiety &#8211; pastorki i ewangelistki. Ponadto ka\u017cdy Zb\u00f3r ma swoj\u0105 Rad\u0119 (Rada Zboru), kt\u00f3ra podejmuje istotne decyzje w sprawie organizacyjnego funkcjonowania Zboru. Liderem naszej wsp\u00f3lnoty (opr\u00f3cz pastora) jest starszy\/a zboru. Ponadto w sk\u0142ad Rady Zboru wchodz\u0105 takie funkcje jak skarbnik, sekretarz, starszy diakon czy kierownik misji. Wierzymy w powszechne kap\u0142a\u0144stwo, a wi\u0119c ka\u017cdy wyznawca naszego Ko\u015bcio\u0142a potencjalnie mo\u017ce zosta\u0107 upowa\u017cniony do nauczania (katechezy), kt\u00f3re prowadzimy w dw\u00f3ch formach podczas ka\u017cdego nabo\u017ce\u0144stwa. Pierwsza forma nauczania to tzw. szko\u0142a sobotnia &#8211; a wi\u0119c dyskusja nad wyznaczonym tekstem Biblii lub tematem biblijnym. W ka\u017cdym kwartale roku studiujemy inne zagadnienia, a aktualny wykaz temat\u00f3w i podr\u0119cznik\u00f3w mo\u017cna znale\u017a\u0107 tutaj. Ponadto w drugiej cz\u0119\u015bci nabo\u017ce\u0144stwa jest tzw. kazanie, czyli homilia &#8211; wyg\u0142aszaj\u0105 j\u0105 zazwyczaj pastorzy\/rki, ale r\u00f3wnie\u017c starsi\/sze zboru lub osoby do tego wyznaczone, ale nie pe\u0142ni\u0105ce \u017cadnej, formalnej funkcji.<\/p><h4>Jeden B\u00f3g w trzech Osobach<\/h4><p>Wierzymy w jednego Boga, kt\u00f3ry objawi\u0142 si\u0119 w trzech odwiecznie istniej\u0105cych osobach boskich &#8211; w Ojcu, Synu i Duchu \u015awi\u0119tym. Wierzymy, \u017ce odwieczny Syn Bo\u017cy (niestworzony) narodzi\u0142 si\u0119 z Marii dziewicy, maj\u0105 pe\u0142ni\u0119 boskiej natury przyj\u0105\u0142 pe\u0142ni\u0119 ludzkiej natury, prowadzi\u0142 bezgrzeszne \u017cycie w mocy Ducha \u015awi\u0119tego i odda\u0142 dobrowolnie swoje \u017cycie jako okup za ludzko\u015b\u0107. Dzi\u0119ki \u015bmierci Jezusa Chrystusa ka\u017cdy cz\u0142owiek mo\u017ce zosta\u0107 przyj\u0119ty do wiecznego Kr\u00f3lestwa Bo\u017cego. Wierzymy, \u017ce Jezus Chrystus umar\u0142, a trzeciego dnia zmartwychwsta\u0142, nast\u0119pnie ukazywa\u0142 si\u0119 przez 40 dni i wst\u0105pi\u0142 do nieba, to jest do miejsca panowania Boga. Tam Chrystus po\u015bredniczy mi\u0119dzy ludzko\u015bci\u0105 a Bogiem, dzi\u0119ki czemu wszyscy wierz\u0105cy maj\u0105 dost\u0119p do \u0142aski Boga i ofiary Jezusa Chrystusa. Wierzymy, \u017ce B\u00f3g obecny jest w \u017cyciu wierz\u0105cych poprzez trzeci\u0105 osob\u0119 b\u00f3stwa &#8211; Ducha \u015awi\u0119tego, kt\u00f3ry nazywany jest r\u00f3wnie\u017c Duchem Jezusa, Duchem Prawdy i Pocieszycielem lub Przyjacielem (gr. parakletos). Wierzymy, \u017ce Duch \u015awi\u0119ty uobecnia Boga w \u017cyciu wierz\u0105cych, przekonuje ich o grzechu, o s\u0105dzie i o sprawiedliwo\u015bci Boga. To Duch \u015awi\u0119ty wp\u0142ywa na umys\u0142y, przekonuje, wprowadza we wszelk\u0105 Prawd\u0119, przemienia charakter wierz\u0105cych w tzw. Owoc Ducha (mi\u0142o\u015b\u0107, rado\u015b\u0107, pok\u00f3j, cierpliwo\u015b\u0107, opanowanie itd.), a tak\u017ce udziela zdolno\u015bci zwanych darami Ducha. Dzi\u0119ki tym darom wsp\u00f3lnota ko\u015bcielna mo\u017ce umacnia\u0107 swoj\u0105 wiar\u0119 i g\u0142osi\u0107 Ewangeli\u0119 ludziom, kt\u00f3rzy jeszcze nie zwr\u00f3cili si\u0119 do Jezusa.<\/p><h4>Szabat<\/h4><p>Jeste\u015bmy wsp\u00f3lnot\u0105, kt\u00f3ra na serio traktuje tekst Biblii, zatem wierzymy w literalny 7-dniowy tydzie\u0144 stworzenia, zachowujemy biblijne, cotygodniowe \u015bwi\u0119to szabat (od zachodu s\u0142o\u0144ca w pi\u0105tek do zachodu s\u0142o\u0144ca w sobot\u0119) &#8211; w tym czasie nie podejmujemy pracy zarobkowej, regularnej nauki lub szeroko rozumianych spraw powszednich. Przestrzegamy pe\u0142nej wersji biblijnych przykaza\u0144 z Ksi\u0119gi Wyj\u015bcia 20., ale nie uznajemy tego jako zas\u0142ugi w procesie zbawienia &#8211; jest to naturalna kolej rzeczy, gdy cz\u0142owiek odrodzony przez Ducha \u015awi\u0119tego wp\u0142ywa na umys\u0142 i charakter wierz\u0105cych.<\/p><h4>\u017bycie po \u015bmierci?<\/h4><p>Ponadto, zgodnie z nauk\u0105 wczesnochrze\u015bcija\u0144sk\u0105 nie wierzymy w czy\u015bciec oraz w istnienie autonomicznej, niematerialnej duszy, kt\u00f3ra w\u0119druje po \u015bmierci cia\u0142a do r\u00f3\u017cnych miejsc przeznaczenia wiecznego. Wierzymy, \u017ce gdy cz\u0142owiek umiera to nie ma go, rozp\u0142ywa si\u0119 w niebycie a\u017c do dnia ostatecznego, dnia zmartwychwstania, gdy to Jezus Chrystus wzbudzi zbawionych do \u017cycia wiecznego, a niezbawionych (po 1000-letnim kr\u00f3lestwie w niebie) wzbudzi na wieczne pot\u0119pienie, nazywanym w Biblii drug\u0105 \u015bmierci\u0105. Nie wierzymy w wieczne m\u0119ki piekielne &#8211; druga \u015bmier\u0107 jest unicestwieniem, ostateczn\u0105 anihilacj\u0105 diab\u0142a, demon\u00f3w i wszystkich niezbawionych o skutkach wiecznych. Dopiero wtedy B\u00f3g odnowi \u015bwiat, stworzy Now\u0105 Ziemi\u0119, na kt\u00f3rej zbawieni b\u0119d\u0105 mogli cieszy\u0107 si\u0119 obecno\u015bci\u0105 Boga i ca\u0142ym wachlarzem Jego dobrodziejstw przez ca\u0142\u0105 wieczno\u015b\u0107.<\/p><h4>Misja<\/h4><p>Misja adwentyst\u00f3w to nie tylko nauczanie Ewangelii, wyk\u0142ady biblijne i rozpowszechnianie literatury religijnej, ale to r\u00f3wnie\u017c pomoc ludziom w ich codziennych sprawach. W tym zakresie, w jakim jeste\u015bmy w stanie, staramy si\u0119 pom\u00f3c. Promujemy zdrowy tryb \u017cycia, wolny od na\u0142og\u00f3w, a tak\u017ce anga\u017cujemy si\u0119 w rozmaite akcje charytatywne.<\/p><p>Prowadzimy w\u0142asne nauczanie religii jako przedmiotu szkolnego, a tam, gdzie rodzice wyra\u017c\u0105 wol\u0119, wyst\u0119pujemy do organ\u00f3w prowadz\u0105cych plac\u00f3wki edukacyjne o zorganizowanie nauczania religii w ramach powszechnego systemu edukacji (czy to w punktach przyszkolnych, czy w punktach mi\u0119dzyszkolnych, zazwyczaj mieszcz\u0105cych si\u0119 w budynku ko\u015bcielnym). Na lekcje religii adwentystycznej mog\u0105 ucz\u0119szcza\u0107 r\u00f3wnie\u017c uczniowie, kt\u00f3rych rodzice nie s\u0105 zwi\u0105zani formalnie z Ko\u015bcio\u0142em, ale wyra\u017c\u0105 tak\u0105 ch\u0119\u0107.<\/p><h4>Obrz\u0119dy \u015bwi\u0119te<\/h4><p>W\u015br\u00f3d uroczysto\u015bci ko\u015bcielnych praktykujemy przede wszystkim:<\/p><ul><li>chrzest przez ca\u0142kowite zanurzenie w wodzie, w wieku \u015bwiadomym, po realizacji kursu biblijnego i wyznaniu wiary zainteresowanego katechumena;<\/li><li>pami\u0105tk\u0119 Wieczerzy Pa\u0144skiej, poprzedzon\u0105 obrz\u0119dem symbolicznego obmycia st\u00f3p &#8211; niekwaszony chleb i niesfermentowany sok winogronowy s\u0105 uznawane jedynie za symbole cia\u0142a i krwi Jezusa Chrystusa; nie wierzymy, \u017ce zamieniaj\u0105 si\u0119 one w fizyczne cia\u0142o i krew;<\/li><li>b\u0142ogos\u0142awie\u0144stwo dziecka &#8211; na \u017cyczenie wierz\u0105cych rodzic\u00f3w organizujemy specjaln\u0105 modlitw\u0119 podczas nabo\u017ce\u0144stwa o zdrowie i b\u0142ogos\u0142awie\u0144stwo dla dziecka (w dowolnym wieku);<\/li><li>modlitwa z namaszczeniem &#8211; osoby borykaj\u0105ce si\u0119 z problemami zdrowotnymi &#8211; niezale\u017cnie od ich natury (fizycznej, psychologicznej czy duchowej) &#8211; mog\u0105 poprosi\u0107 o szczeg\u00f3ln\u0105 modlitw\u0119 z namaszczeniem czo\u0142a oliw\u0105, kt\u00f3ra symbolizuje Ducha \u015awi\u0119tego. Taka modlitwa mo\u017ce mie\u0107 miejsce podczas nabo\u017ce\u0144stwa, ale i w prywatnym mieszkaniu lub w szpitalu. Nie jest to ostatnie namaszczenie, ale modlitwa o uzdrowienie;<\/li><li>\u015blub &#8211; jako Ko\u015bci\u00f3\u0142, kt\u00f3ry funkcjonuje w ramach polskiego systemy legislacyjnego, mamy mo\u017cliwo\u015b\u0107 udzielania \u015blub\u00f3w ko\u015bcielnych ze skutkiem cywilnym (tzw. konkordatowych \u015blub\u00f3w), ale r\u00f3wnie\u017c jedynie \u015blubu ko\u015bcielnego (w takim przypadku wymagany jest r\u00f3wnie\u017c \u015blub cywilny); wierzymy, \u017ce osoby wchodz\u0105ce w zwi\u0105zek ma\u0142\u017ce\u0144ski winny podziela\u0107 wsp\u00f3ln\u0105 wiar\u0119, dlatego \u015blub ko\u015bcielny mog\u0105 otrzyma\u0107 osoby jedynie b\u0119d\u0105ce tego samego wyznania (mog\u0105 to by\u0107 nie tylko adwenty\u015bci, ale np. para baptyst\u00f3w lub katolik\u00f3w);<\/li><li>pogrzeb &#8211; pogrzeb przypomina typowy pogrzeb katolicki, odbywa si\u0119 zazwyczaj w kaplicy oraz nad grobem; dopuszczalne jest pochowanie zmar\u0142ego zar\u00f3wno w trumnie jak i w urnie. Nie modlimy si\u0119 za zmar\u0142ych, poniewa\u017c wierzymy, \u017ce &#8222;\u015bpi\u0105&#8221; tzn. oczekuj\u0105 w niebycie na dzie\u0144 ostateczny. Modlimy si\u0119 natomiast o rodzin\u0119 zmar\u0142ego, aby B\u00f3g j\u0105 pocieszy\u0142 w tych trudnych chwilach. Podczas uroczysto\u015bci pogrzebowych wspominamy o krucho\u015bci ludzkiego \u017cycia i o nadziei \u017cycia wiecznego, jakie zagwarantowa\u0142 nam Jezus Chrystus.<\/li><\/ul><h4>Formalno\u015bci<\/h4><p>Jeste\u015bmy\u00a0<a href=\"https:\/\/adventist.org\/\" target=\"_blank\" rel=\"noopener\">Ko\u015bcio\u0142em o zasi\u0119gu og\u00f3lno\u015bwiatowym\u00a0<\/a>z przedstawicielskim systemem zarz\u0105dzania, w kt\u00f3rym obowi\u0105zuj\u0105 takie zasady jak kolegialno\u015b\u0107 i kadencyjno\u015b\u0107. W Polsce funkcjonujemy jako legalny, zarejestrowany Ko\u015bci\u00f3\u0142, kt\u00f3ry dzia\u0142a w oparciu o\u00a0<a href=\"https:\/\/isap.sejm.gov.pl\/isap.nsf\/download.xsp\/WDU19950970481\/U\/D19950481Lj.pdf\" target=\"_blank\" rel=\"noopener\">Ustaw\u0119 z dnia 30 czerwca 1995 r. o stosunku Pa\u0144stwa do Ko\u015bcio\u0142a Adwentyst\u00f3w Dnia Si\u00f3dmego w Rzeczypospolitej Polskiej<\/a>.<\/p><p>Zbory (parafie) Ko\u015bcio\u0142a Adwentyst\u00f3w Dnia Si\u00f3dmego zrzeszaj\u0105 si\u0119 w Polsce trzy Diecezje (ang. <i>Conference<\/i>) posiadaj\u0105ce osobowo\u015b\u0107 prawn\u0105 (zbory w przeciwie\u0144stwie do parafii np. Ko\u015bcio\u0142a rzymskokatolickiego, nie posiadaj\u0105 w\u0142asnej osobowo\u015bci prawnej) &#8211; Zachodni\u0105, Po\u0142udniow\u0105 oraz Wschodni\u0105, a Zb\u00f3r \u0141\u00f3d\u017a-G\u00f3rna przynale\u017cy do\u00a0<a href=\"https:\/\/www.adwentysci.org.pl\/\" target=\"_blank\" rel=\"noopener\">Diecezji Wschodniej z siedzib\u0105 w Warszawie<\/a>, przy ul. Foksal 8. Najwy\u017cszym organem Diecezji jest Zjazd Diecezji, kt\u00f3ry w normalnym trybie odbywa si\u0119 raz na pi\u0119\u0107 lat, a kt\u00f3rego cz\u0142onkami s\u0105 (m\u00f3wi\u0105c w skr\u00f3cie) delegaci niezatrudnieni w Ko\u015bciele, pochodz\u0105cy ze wszystkich zbor\u00f3w danej diecezji (a tak\u017ce wszyscy pastorzy ordynowani\/starsi duchowni zatrudnieni w danej diecezji). To w\u0142a\u015bnie na Zje\u017adzie Diecezji wybiera si\u0119 na 5-letni\u0105 kadencj\u0119 Przewodnicz\u0105cego, Sekretarza i Skarbnika Diecezji, a tak\u017ce Rad\u0119 Diecezji (z\u0142o\u017con\u0105 w wi\u0119kszo\u015bci z os\u00f3b niezatrudnionych w Ko\u015bciele), kt\u00f3ra pe\u0142ni w\u0142adz\u0119 diecezjaln\u0105 pomi\u0119dzy Zjazdami Diecezji (w normalnym trybie Rada spotyka si\u0119 co kwarta\u0142).\u00a0<\/p><p>Nast\u0119pnym poziomem jest zwi\u0105zek diecezji, nazywany wg s\u0142ownika ko\u015bcielnego Uni\u0105, w naszym przypadku jest to\u00a0<a href=\"https:\/\/adwent.pl\/\" target=\"_blank\" rel=\"noopener\">Polska Unia Diecezji (ang. <i>Polish Union Conference<\/i>), zwan\u0105 r\u00f3wnie\u017c Ko\u015bcio\u0142em Krajowym<\/a>, a czasem (w mowie potocznej) Zarz\u0105dem Ko\u015bcio\u0142a, r\u00f3wnie\u017c z siedzib\u0105 w Warszawie, przy ul. Foksal 8. Schemat wybieralno\u015bci i struktura w\u0142adzy na poziomie Unii jest analogiczna jak by\u0142o to omawiane na poziomie poszczeg\u00f3lnych diecezji, z t\u0105 r\u00f3\u017cnic\u0105, \u017ce delegat\u00f3w wybieraj\u0105 diecezje, a nie pojedyncze zbory.<\/p><p>Najwy\u017cszym poziomem jest poziom og\u00f3lno\u015bwiatowy, a wi\u0119c\u00a0<a href=\"https:\/\/gc.adventist.org\/\" target=\"_blank\" rel=\"noopener\">Generalna Konferencja<\/a>\u00a0(lub gdyby trzyma\u0107 si\u0119 konsekwentnie nomenklatury polskiej &#8211; Generalna Diecezja; z ang. <i>General Conference<\/i>), kt\u00f3ra sk\u0142ada si\u0119 z 13 Wydzia\u0142\u00f3w (ang. <i>Division<\/i>), b\u0119d\u0105cych jej biurami terenowymi. Polska Unia Diecezji przynale\u017cy do\u00a0<a href=\"https:\/\/ted.adventist.org\/\" target=\"_blank\" rel=\"noopener\">Wydzia\u0142u Transeuropejskiego<\/a>\u00a0ze stolic\u0105 w St. Albans, w Wielkiej Brytanii. Raz na pi\u0119\u0107 lat wszystkie Unie wybieraj\u0105 swoich delegat\u00f3w (zatrudnionych jak i niezatrudnionych w Ko\u015bciele) na Zjazd Generalnej Konferencji (kt\u00f3ry poza dwoma wyj\u0105tkami w historii, zawsze odbywa si\u0119 w Stanach Zjednoczonych, gdzie te\u017c znajduje si\u0119 siedziba Generalnej Konferencji), gdzie s\u0105 wybierani na 5-letni\u0105 kadencj\u0119 Przewodnicz\u0105cy, Sekretarz i Skarbnik Generalnej Konferencji, a tak\u017ce Przewodnicz\u0105cy, Sekretarze i Skarbnicy wszystkich Wydzia\u0142\u00f3w oraz dyrektorzy poszczeg\u00f3lnych departament\u00f3w (w nomenklaturze polskiej &#8211; sekretariat\u00f3w) poszczeg\u00f3lnych instytucji.\u00a0<\/p>\t\t\t\t\t\t\t\t<\/div>\n\t\t\t\t<\/div>\n\t\t\t\t\t<\/div>\n\t\t<\/div>\n\t\t\t\t\t<\/div>\n\t\t<\/section>\n\t\t\t\t<\/div>\n\t\t","protected":false},"excerpt":{"rendered":"<p>Nasze korzenie Jeste\u015bmy chrze\u015bcijanami, Ko\u015bcio\u0142em wywodz\u0105cym si\u0119 z tradycji protestanckiej drugiego fali tzn. ewangelikalnej. Swoimi korzeniami historycznymi si\u0119gamy XIX-wiecznych Stan\u00f3w Zjednoczonych Ameryki P\u00f3\u0142nocnej i takich wyzna\u0144 jak metody\u015bci czy bapty\u015bci, jednak nasze teologiczne \u017ar\u00f3d\u0142a tkwi\u0105 w my\u015bli wczesnego chrze\u015bcija\u0144stwa I wieku, a wi\u0119c Ko\u015bcio\u0142a prowadzonego przez aposto\u0142\u00f3w i pierwszych uczni\u00f3w Jezusa Chrystusa. Protestanci W my\u015bl [&hellip;]<\/p>\n","protected":false},"author":2,"featured_media":0,"parent":0,"menu_order":0,"comment_status":"closed","ping_status":"closed","template":"","meta":{"zakra_sidebar_layout":"customizer","zakra_remove_content_margin":false,"zakra_sidebar":"customizer","zakra_transparent_header":"customizer","zakra_logo":0,"zakra_main_header_style":"default","zakra_menu_item_color":"","zakra_menu_item_hover_color":"","zakra_menu_item_active_color":"","zakra_menu_active_style":"","zakra_page_header":true,"footnotes":""},"class_list":["post-219","page","type-page","status-publish","hentry"],"_links":{"self":[{"href":"https:\/\/lodz-gorna.adwent.pl\/index.php?rest_route=\/wp\/v2\/pages\/219","targetHints":{"allow":["GET"]}}],"collection":[{"href":"https:\/\/lodz-gorna.adwent.pl\/index.php?rest_route=\/wp\/v2\/pages"}],"about":[{"href":"https:\/\/lodz-gorna.adwent.pl\/index.php?rest_route=\/wp\/v2\/types\/page"}],"author":[{"embeddable":true,"href":"https:\/\/lodz-gorna.adwent.pl\/index.php?rest_route=\/wp\/v2\/users\/2"}],"replies":[{"embeddable":true,"href":"https:\/\/lodz-gorna.adwent.pl\/index.php?rest_route=%2Fwp%2Fv2%2Fcomments&post=219"}],"version-history":[{"count":19,"href":"https:\/\/lodz-gorna.adwent.pl\/index.php?rest_route=\/wp\/v2\/pages\/219\/revisions"}],"predecessor-version":[{"id":280,"href":"https:\/\/lodz-gorna.adwent.pl\/index.php?rest_route=\/wp\/v2\/pages\/219\/revisions\/280"}],"wp:attachment":[{"href":"https:\/\/lodz-gorna.adwent.pl\/index.php?rest_route=%2Fwp%2Fv2%2Fmedia&parent=219"}],"curies":[{"name":"wp","href":"https:\/\/api.w.org\/{rel}","templated":true}]}}