{"id":33,"date":"2022-10-06T14:33:26","date_gmt":"2022-10-06T14:33:26","guid":{"rendered":"https:\/\/lodz-gorna.adwent.pl\/?page_id=33"},"modified":"2026-01-09T20:37:13","modified_gmt":"2026-01-09T20:37:13","slug":"aktualnosci","status":"publish","type":"page","link":"https:\/\/lodz-gorna.adwent.pl\/","title":{"rendered":"Aktualno\u015bci"},"content":{"rendered":"\n<figure class=\"wp-block-image size-full\"><img fetchpriority=\"high\" decoding=\"async\" width=\"851\" height=\"315\" src=\"https:\/\/lodz-gorna.adwent.pl\/wp-content\/uploads\/2026\/01\/Zaproszenie-na-nabozenstwa-Gorna-godz-1000.png\" alt=\"\" class=\"wp-image-294\" srcset=\"https:\/\/lodz-gorna.adwent.pl\/wp-content\/uploads\/2026\/01\/Zaproszenie-na-nabozenstwa-Gorna-godz-1000.png 851w, https:\/\/lodz-gorna.adwent.pl\/wp-content\/uploads\/2026\/01\/Zaproszenie-na-nabozenstwa-Gorna-godz-1000-300x111.png 300w, https:\/\/lodz-gorna.adwent.pl\/wp-content\/uploads\/2026\/01\/Zaproszenie-na-nabozenstwa-Gorna-godz-1000-768x284.png 768w\" sizes=\"(max-width: 851px) 100vw, 851px\" \/><\/figure>\n\n\n\n<hr class=\"wp-block-separator has-text-color has-black-color has-alpha-channel-opacity has-black-background-color has-background is-style-wide\"\/>\n\n\n\n<hr class=\"wp-block-separator has-text-color has-black-color has-alpha-channel-opacity has-black-background-color has-background is-style-wide\"\/>\n\n\n\n<p>Poni\u017cej wsp\u00f3lne zdj\u0119cie uczestnik\u00f3w uroczystego nabo\u017ce\u0144stwa, kt\u00f3re odby\u0142o si\u0119 2 sierpnia 2025 z okazji zako\u0144czenia prac remontowo-budowalnych oraz powr\u00f3tu nabo\u017ce\u0144stw do obiektu przy ul. P\u0142ockiej 28 w \u0141odzi (fot. Jaros\u0142aw Klimkiewicz).w<\/p>\n\n\n\n<figure class=\"wp-block-image size-large\"><img decoding=\"async\" width=\"1024\" height=\"683\" src=\"https:\/\/lodz-gorna.adwent.pl\/wp-content\/uploads\/2025\/08\/Zdjecie-wspolne-1024x683.jpg\" alt=\"\" class=\"wp-image-260\" srcset=\"https:\/\/lodz-gorna.adwent.pl\/wp-content\/uploads\/2025\/08\/Zdjecie-wspolne-1024x683.jpg 1024w, https:\/\/lodz-gorna.adwent.pl\/wp-content\/uploads\/2025\/08\/Zdjecie-wspolne-300x200.jpg 300w, https:\/\/lodz-gorna.adwent.pl\/wp-content\/uploads\/2025\/08\/Zdjecie-wspolne-768x512.jpg 768w, https:\/\/lodz-gorna.adwent.pl\/wp-content\/uploads\/2025\/08\/Zdjecie-wspolne-1536x1024.jpg 1536w, https:\/\/lodz-gorna.adwent.pl\/wp-content\/uploads\/2025\/08\/Zdjecie-wspolne.jpg 1600w\" sizes=\"(max-width: 1024px) 100vw, 1024px\" \/><\/figure>\n","protected":false},"excerpt":{"rendered":"<p>Poni\u017cej wsp\u00f3lne zdj\u0119cie uczestnik\u00f3w uroczystego nabo\u017ce\u0144stwa, kt\u00f3re odby\u0142o si\u0119 2 sierpnia 2025 z okazji zako\u0144czenia prac remontowo-budowalnych oraz powr\u00f3tu nabo\u017ce\u0144stw do obiektu przy ul. P\u0142ockiej 28 w \u0141odzi (fot. Jaros\u0142aw Klimkiewicz).w<\/p>\n","protected":false},"author":2,"featured_media":0,"parent":0,"menu_order":0,"comment_status":"closed","ping_status":"closed","template":"","meta":{"zakra_sidebar_layout":"customizer","zakra_remove_content_margin":false,"zakra_sidebar":"customizer","zakra_transparent_header":"customizer","zakra_logo":0,"zakra_main_header_style":"default","zakra_menu_item_color":"","zakra_menu_item_hover_color":"","zakra_menu_item_active_color":"","zakra_menu_active_style":"","zakra_page_header":true,"footnotes":""},"class_list":["post-33","page","type-page","status-publish","hentry"],"_links":{"self":[{"href":"https:\/\/lodz-gorna.adwent.pl\/index.php?rest_route=\/wp\/v2\/pages\/33","targetHints":{"allow":["GET"]}}],"collection":[{"href":"https:\/\/lodz-gorna.adwent.pl\/index.php?rest_route=\/wp\/v2\/pages"}],"about":[{"href":"https:\/\/lodz-gorna.adwent.pl\/index.php?rest_route=\/wp\/v2\/types\/page"}],"author":[{"embeddable":true,"href":"https:\/\/lodz-gorna.adwent.pl\/index.php?rest_route=\/wp\/v2\/users\/2"}],"replies":[{"embeddable":true,"href":"https:\/\/lodz-gorna.adwent.pl\/index.php?rest_route=%2Fwp%2Fv2%2Fcomments&post=33"}],"version-history":[{"count":6,"href":"https:\/\/lodz-gorna.adwent.pl\/index.php?rest_route=\/wp\/v2\/pages\/33\/revisions"}],"predecessor-version":[{"id":295,"href":"https:\/\/lodz-gorna.adwent.pl\/index.php?rest_route=\/wp\/v2\/pages\/33\/revisions\/295"}],"wp:attachment":[{"href":"https:\/\/lodz-gorna.adwent.pl\/index.php?rest_route=%2Fwp%2Fv2%2Fmedia&parent=33"}],"curies":[{"name":"wp","href":"https:\/\/api.w.org\/{rel}","templated":true}]}}