{"id":39,"date":"2022-10-06T14:34:07","date_gmt":"2022-10-06T14:34:07","guid":{"rendered":"https:\/\/lodz-gorna.adwent.pl\/?page_id=39"},"modified":"2025-08-05T15:52:33","modified_gmt":"2025-08-05T15:52:33","slug":"nasza-historia","status":"publish","type":"page","link":"https:\/\/lodz-gorna.adwent.pl\/?page_id=39","title":{"rendered":"Nasza historia"},"content":{"rendered":"\n<p>Historia Zboru \u0141\u00f3d\u017a-G\u00f3rna<\/p>\n\n\n\n<p>W 1989 r. zakupiono od pani Haliny Stawerskiej dom przy ul. P\u0142ockiej 28, z my\u015bl\u0105 o adaptacji i przeznaczeniu go do cel\u00f3w sakralnych. W przysz\u0142o\u015bci mia\u0142 tu powsta\u0107 drugi \u0142\u00f3dzki zb\u00f3r Ko\u015bcio\u0142a Adwentyst\u00f3w Dnia Si\u00f3dmego. Pomys\u0142odawc\u0105 tego przedsi\u0119wzi\u0119cia by\u0142 od samego pocz\u0105tku pastor Miros\u0142aw Karauda, natomiast realizatorem zakupu by\u0142 \u00f3wczesny przewodnicz\u0105cy Diecezji Wschodniej, pastor Marian W\u00f3jcik. Po zakupie nieruchomo\u015bci nast\u0105pi\u0142 dwuletni kapitalny remont i pe\u0142na adaptacja budynk\u00f3w dla cel\u00f3w religijnych. G\u0142\u00f3wn\u0105 ide\u0105 za\u0142o\u017cenia drugiego zboru by\u0142a praca ewangelizacyjna na nowych terenach i utworzenie nowej wsp\u00f3lnoty wierz\u0105cych. Z t\u0105 my\u015bl\u0105 w 1991 r. przyjecha\u0142 do Polski Phil Jones \u2013 ameryka\u0144ski ewangelista, kt\u00f3ry prowadzi\u0142 seri\u0119 wyk\u0142ad\u00f3w biblijnych w hali sportowej przy ul. Sobolowej. Bezpo\u015bredni\u0105 kontynuacj\u0105 tego programu by\u0142y wyk\u0142ady w miejscowym Domu Kultury przy ul. Siedleckiej, prowadzone przez pastora Miros\u0142awa Karaud\u0119. W wyniku tych dw\u00f3ch program\u00f3w ewangelizacyjnych chrzest przyj\u0119\u0142o 15 os\u00f3b; cz\u0119\u015b\u0107 z nich stanowi\u0107 mia\u0142a trzon nowego zboru. Poniewa\u017c jednak zb\u00f3r formalnie jeszcze nie istnia\u0142, osoby te zosta\u0142y przyj\u0119te go\u015bcinnie do Zboru \u0141\u00f3d\u017a-Widzew na okres 3 miesi\u0119cy.<\/p>\n\n\n\n<p>11 stycznia 1992 r. w Domu Kultury przy ul. Siedleckiej odby\u0142a si\u0119 wielka uroczysto\u015b\u0107 zorganizowania drugiego zboru w \u0141odzi \u2013 Zboru \u0141\u00f3d\u017a-G\u00f3rna. Uroczysto\u015b\u0107 t\u0119 prowadzi\u0142 przewodnicz\u0105cy Diecezji Wschodniej, pastor Piotr Her\u00f3d. By\u0142 to pierwszy przypadek na skal\u0119 og\u00f3lnopolsk\u0105 \u2013 \u0141\u00f3d\u017a sta\u0142a si\u0119 pierwszym miastem w Polsce, kt\u00f3ra mia\u0142a dwa zbory. W tym samym roku, uchwa\u0142\u0105 Rady Diecezji, postanowiono usankcjonowa\u0107 istnienie dw\u00f3ch zbor\u00f3w w \u0141odzi, nadaj\u0105c im nazwy: \u0141\u00f3d\u017a-Widzew oraz \u0141\u00f3d\u017a-G\u00f3rna.<\/p>\n\n\n\n<p>25 stycznia 1992 r. odby\u0142y si\u0119 pierwsze wybory urz\u0119dnik\u00f3w zborowych, kt\u00f3rym to wyborom przewodniczy\u0142 pastor Piotr Her\u00f3d. Pierwszym starszym zboru zosta\u0142 br. Czes\u0142aw Traczyk. Mia\u0142 on wtedy kierowa\u0107 20-osobowym zborem. Odpowiedzialno\u015b\u0107 pastorska za zb\u00f3r spoczywa\u0142a na pastorze Miros\u0142awie Karaudzie.<\/p>\n\n\n\n<p>Jednak na pierwsze nabo\u017ce\u0144stwo przy ul. P\u0142ockiej 28 trzeb by\u0142o poczeka\u0107 10 miesi\u0119cy, z uwagi na prace remontowe, kt\u00f3re odbywa\u0142y si\u0119 pod nadzorem m\u0142odego wyznawcy br. Zdzis\u0142awa Kmity. Budynek pokryto now\u0105 elewacj\u0105, wsp\u00f3lnymi si\u0142ami wybudowano ganek i szatni\u0119, a tak\u017ce wyburzono \u015bciany na parterze, tworz\u0105c obszern\u0105 przestrze\u0144 sakraln\u0105. Przy pracach remontowych pomagali wszyscy cz\u0142onkowie Zboru, a o wystr\u00f3j i estetyk\u0119 sali nabo\u017ce\u0144stw zadbali braterstwo Karaudowie. Pierwsze sobotnie nabo\u017ce\u0144stwo w nowo otwartej lokalizacji odby\u0142o si\u0119 5 grudnia 1992 r. a 2 stycznia 1993 nast\u0105pi\u0142a uroczysto\u015b\u0107 po\u015bwi\u0119cenia Domu Modlitwy, kt\u00f3r\u0105 prowadzi\u0142 \u00f3wczesny przewodnicz\u0105cy Ko\u015bcio\u0142a Adwentyst\u00f3w Dnia Si\u00f3dmego w RP, pastor W\u0142adys\u0142aw Polok.<\/p>\n\n\n\n<p>Rok 1993 obfitowa\u0142 w wydarzenia ewangelizacyjne o tematyce biblijnej, kursy prozdrowotne, kurs odwykowy od palenia tytoniu, szko\u0142a zdrowego gotowania, wyk\u0142ady antystresowe lub z zakresu zio\u0142olecznictwa.<\/p>\n\n\n\n<p>W roku 1994 Zb\u00f3r \u0141\u00f3d\u017a-G\u00f3rna, pod przewodnictwem pastora Miros\u0142awa Karaudy, w\u0142\u0105czy\u0142 si\u0119 w ide\u0119 Wielkiej Orkiestry \u015awi\u0105tecznej Pomocy. Pastor zorganizowa\u0142 w murach Filharmonii \u0141\u00f3dzkiej mi\u0119dzywyznaniowy koncert pie\u015bni religijnej, w kt\u00f3rym wzi\u0119li udzia\u0142 arty\u015bci z Ko\u015bcio\u0142\u00f3w protestanckich oraz Ko\u015bcio\u0142a katolickiego. Podczas koncertu przeprowadzono zbi\u00f3rk\u0119 datk\u00f3w dla dzieci z wadami serca w wysoko\u015bci 8 tysi\u0119cy z\u0142otych, co po przeliczeniu odpowiednich wska\u017anik\u00f3w, da\u0142oby warto\u015b\u0107 ponad 53 tysi\u0119cy z\u0142otych na rok 2025! Koncerty organizowane w kolejnych latach odbywa\u0142y si\u0119 na deskach Teatru Wielkiego, a \u015brodki przeznaczano na rzecz Szpitala im. Janusza Korczaka, czy te\u017c dla dzieci nieuleczalnie chorych. Dzi\u0119ki zaanga\u017cowaniu Pastora Miros\u0142awa Karaudy oraz Zboru, w latach 1994-1997 uzbierano w sumie 45 tysi\u0119cy nowych z\u0142otych \u2013 co da\u0142oby dzi\u015b r\u00f3wnowarto\u015b\u0107 ok. 255 tysi\u0119cy z\u0142otych w roku 2025; uzbierane kwoty przekazano bezpo\u015brednio na zakup sprz\u0119tu medycznego i lek\u00f3w.<\/p>\n\n\n\n<p>Ko\u015bci\u00f3\u0142 Adwentyst\u00f3w Dnia Si\u00f3dmego w \u0141odzi-G\u00f3rnej anga\u017cowa\u0142 si\u0119 r\u00f3wnie\u017c w ide\u0119 popularyzowania zdrowego trybu \u017cycia i kultury fizycznej organizuj\u0105c wraz z telewizj\u0105 \u0142\u00f3dzk\u0105 \u201eBieg po zdrowie\u201d. Adwenty\u015bci byli na co dzie\u0144 obecni w mediach, prowadz\u0105c kurs odwykowy od palenia tytoniu, ucz\u0105c zasad zdrowego gotowania czy udzielaj\u0105c fachowych porad w zakresie psychoterapii \u2013 takie sta\u0142e programy w latach 1997-1999, na antenie radia \u201eParada\u201d oraz radia \u201eClassic\u201d prowadzi\u0142a \u017cona pastora Miros\u0142awa, Klaudia Karauda.<\/p>\n\n\n\n<p>By\u0142 to r\u00f3wnie\u017c czas, gdy odbywa\u0142y si\u0119 wyk\u0142ady biblijne prowadzone przez australijskiego misjonarza i teologa z polskimi korzeniami, Jona Skrzypaszka (1993 r.) oraz Petera Roennfeldta (1996&nbsp;r.) kt\u00f3ry pasjonowa\u0142 si\u0119 misj\u0105 zak\u0142adania nowych grup wierz\u0105cych, kt\u00f3re w ko\u0144cu rozrasta\u0142y si\u0119 jako nowe zbory (do dzisiaj bra\u0142 udzia\u0142 w zak\u0142adaniu nowych zbor\u00f3w w ponad 60 krajach na \u015bwiecie).<\/p>\n\n\n\n<p>W przeci\u0105gu 10 lat, od momentu za\u0142o\u017cenia Zboru (1992-2002), w sumie zosta\u0142y ochrzczone 53 osoby; cho\u0107 nale\u017cy doda\u0107, \u017ce by\u0142y te\u017c i smutne momenty, gdy\u017c w tym samym okresie 7 wyznawc\u00f3w zasn\u0119\u0142o w Panu, a 16 os\u00f3b przenios\u0142o si\u0119 do innych zbor\u00f3w.<\/p>\n\n\n\n<p>Przez kolejne lata Zb\u00f3r prowadzi\u0142 szeroko zakrojon\u0105 dzia\u0142alno\u015b\u0107: ewangelizacyjn\u0105 (udost\u0119pnianie literatury religijnej), dobroczynn\u0105 (punkt wydawania odzie\u017cy) i kulturaln\u0105 (organizacja koncert\u00f3w, dzia\u0142alno\u015b\u0107 amatorskiej Grupy Teatralnej \u201eCogito\u201d).<\/p>\n\n\n\n<p><strong>&#8230;<\/strong><\/p>\n\n\n\n<p><strong>[trwaj\u0105 prace nad spisaniem tego fragmentu historii naszego Zboru]<\/strong><\/p>\n\n\n\n<p><strong>&#8230;<\/strong><\/p>\n\n\n\n<p>Z dniem 1 wrze\u015bnia 2015 r. opiek\u0119 duszpastersk\u0105 nad Zborem \u0141\u00f3d\u017a-G\u00f3rna przej\u0105\u0142 pastor Zbigniew Makarewicz i pe\u0142ni\u0142 j\u0105 do kwietnia roku 2020. W tym czasie odbywa\u0142y si\u0119 regularnie (a\u017c do czasu pandemii) \u015brodowe spotkania modlitewne. Ponadto w mia\u0142y miejsce takie wydarzenia jak: wyk\u0142ady s.&nbsp;Klaudii Karaudy \u201eToksyczni ludzie\u201d (kwiecie\u0144 2016 oraz kwiecie\u0144 2017), wyk\u0142ady o tematyce kreacjonistycznej dr.&nbsp;Adriana Obuchowicza (kwiecie\u0144 2016), wyk\u0142ady \u201eB\u0105d\u017a zdr\u00f3w!\u201d (r\u00f3\u017cni prelegenci, od stycznia do marca 2017), wyk\u0142ady biblijne \u201e\u017bycie ma sens\u201d (r\u00f3\u017cni prelegenci, od lutego do marca 2017), wyk\u0142ady biblijne prowadzone przez pastora Zbigniewa Makarewicza \u201eB\u00f3g Syna da\u0142\u201d (grudzie\u0144 2017) oraz \u201eTriduum Paschalne\u201d (marzec 2018), a tak\u017ce wyk\u0142ady biblijne \u201eDekalog\u201d (r\u00f3\u017cni prelegenci od marca do maja 2018).<\/p>\n\n\n\n<p>W tym czasie odbywa\u0142y si\u0119 tak\u017ce takie formy nabo\u017ce\u0144stw jak: wieczorne uroczysto\u015bci \u201eWieczerzy Pa\u0144skiej\u201d w terminie Paschy (22 kwietnia 2016, 10 kwietnia 2017, 19 kwietnia 2019), wieczory uwielbienia (24 listopada 2017, 27 pa\u017adziernika 2018, 21 wrze\u015bnia 2019), czy te\u017c nabo\u017ce\u0144stwa zbor\u00f3w z Okr\u0119gu \u0141\u00f3dzkiego (17 pa\u017adziernika 2015, 15 pa\u017adziernika 2016, 6 maja 2017, 12 pa\u017adziernika 2019). Ponadto lokalizacja przy ul. P\u0142ockiej 28 s\u0142u\u017cy\u0142a jako przestrze\u0144 do organizacji wydarze\u0144 og\u00f3lnopolskich organizowanych przez Zarz\u0105d Ko\u015bcio\u0142a Adwentyst\u00f3w Dnia Si\u00f3dmego w RP lub wydarze\u0144 diecezjalnych: Og\u00f3lnopolskie Szkolenie dla Kierownik\u00f3w Ewangelizacji (8-9 kwietnia 2017, 14-15 kwietnia 2018, 23-24 marca 2019, 7-8 marca 2020), Diecezjalny Zjazd M\u0142odzie\u017cy (6-8 stycznia 2017, 12-14 stycznia 2018, 10-12 stycznia 2020 i Og\u00f3lnopolskie Spotkanie Misji Kobiet (12-14 pa\u017adziernika 2018).<\/p>\n\n\n\n<p><strong>&#8230;<\/strong><\/p>\n\n\n\n<p><strong>[trwaj\u0105 prace nad spisaniem tego fragmentu historii naszego Zboru]<\/strong><\/p>\n\n\n\n<p><strong>&#8230;<\/strong><\/p>\n\n\n\n<p>W sierpniu 2020 roku do \u0141odzi, w wyniku uchwa\u0142y Rady Diecezji Wschodniej, przeprowadzi\u0142 si\u0119 pastor Konrad Pasikowski wraz ze swoj\u0105 ma\u0142\u017conk\u0105 Mart\u0105 Trusewicz-Pasikowsk\u0105, i obj\u0105\u0142 opiek\u0105 duszpastersk\u0105 zar\u00f3wno Zb\u00f3r \u0141\u00f3d\u017a-Widzew jak i Zb\u00f3r \u0141\u00f3d\u017a-G\u00f3rna. W tym czasie uda\u0142o si\u0119, za \u0142ask\u0105 Bo\u017c\u0105, zrealizowa\u0107 kilka wsp\u00f3lnych (mi\u0119dzyzborowych) projekt\u00f3w ewangelizacyjnych, charytatywnych i humanitarnych. Nie by\u0142 to jednak \u0142atwy czas z uwagi na pandemi\u0119 COVID-19, obostrzenia i zachorowania. Co wi\u0119cej nied\u0142ugo p\u00f3\u017aniej wybuch\u0142a pe\u0142noskalowa wojna w Ukrainie, co skutkowa\u0142o du\u017cym nap\u0142ywem uchod\u017ac\u00f3w, uciekaj\u0105cych przed wojn\u0105. W obliczu tej sytuacji Zb\u00f3r \u0141\u00f3d\u017a-G\u00f3rna, pod kierownictwem pastora Konrada Pasikowski i we wsp\u00f3\u0142pracy z Fundacj\u0105 ADRA Polska zorganizowa\u0142 schronisko dla uchod\u017ac\u00f3w kobiet i dzieci b\u0119d\u0105cych uchod\u017acami z Ukrainy, kt\u00f3re dzia\u0142a\u0142o w budynku Zboru (w tzw. starej cz\u0119\u015bci) przez 1,5 roku, a dok\u0142adniej od marca 2022 do pa\u017adziernika 2023. W tym czasie uda\u0142o si\u0119 pom\u00f3c (kr\u00f3tko- lub d\u0142ugofalowo) ok. 30 osobom, w tym osobom z jak i spoza Ko\u015bcio\u0142a Adwentyst\u00f3w Dnia Si\u00f3dmego.<\/p>\n\n\n\n<p>W mi\u0119dzyczasie, w Zborze \u0141\u00f3d\u017a-G\u00f3rna, odby\u0142o si\u0119 kilka koncert\u00f3w, m.in.: Koncert charytatywy &#8222;Modlitwa o pok\u00f3j&#8221; na rzecz os\u00f3b z Ukrainy Koncert muzyki religijnej zespo\u0142u The Bluesing Gospel (27 maja 2022), Koncert charytatywny na rzecz szpitala dzieci\u0119cego w Ukrainie (4 marca 2023), Koncert charytatywny na rzecz Bruna Os\u0142owskiego (koncert w ko\u015bciele Chrze\u015bcijan Baptyst\u00f3w organizowany we wsp\u00f3\u0142pracy ze Zborem \u0141\u00f3d\u017a-Widzew, 20 kwietnia 2024)<\/p>\n\n\n\n<p>Rozpocz\u0119ta w 2015 r. rozbudowa obiektu przy ul. P\u0142ockiej 28, po rozmaitych perypetiach, oficjalnie zosta\u0142a uko\u0144czona w lipcu 2025 r., co zawdzi\u0119czamy \u0142asce Bo\u017c\u0119, kt\u00f3ra szczeg\u00f3lnie ujawni\u0142a si\u0119 w&nbsp;zaanga\u017cowaniu, po\u015bwi\u0119ceniu i merytorycznym podej\u015bciu s. Sylwii Nowakowskiej-Ksi\u0105\u017cczyk (administratorki budynku przy ul. P\u0142ockiej 28) oraz br. Piotra Barbuchy, cz\u0142onka Zboru \u0141\u00f3d\u017a-G\u00f3rna pe\u0142ni\u0105cego r\u00f3wnie\u017c funkcj\u0119 administratora Diecezji Wschodniej. <\/p>\n\n\n\n<p>Pierwsze nabo\u017ce\u0144stwo w nowo otwartej cz\u0119\u015bci budynku odby\u0142o si\u0119 02 sierpnia 2025 r., w kt\u00f3rym bra\u0142 udzia\u0142 r\u00f3wnie\u017c Zb\u00f3r Mi\u0119dzynarodowy, a podczas kt\u00f3rego wyst\u0119powali zaproszeni i&nbsp;zaprzyja\u017anieni arty\u015bci (Marta S\u0142ociak-Wiszniewska oraz \u0141ukasz Karauda). Obecnych by\u0142o dw\u00f3ch duchownych &#8211; pastor okr\u0119gowy Okr\u0119gu \u0141\u00f3dzkiego (i wieloletni duszpasterz Zboru) Miros\u0142aw Karauda oraz aktualny duszpasterz Zboru, pastor Konrad Pasikowski. <\/p>\n\n\n\n<p>Pastor Miros\u0142aw Karauda wspomina\u0142 drog\u0119 jak\u0105 przeszed\u0142 Zb\u00f3r oraz m\u00f3wi\u0142 o wyzwaniach i zadaniach Ko\u015bcio\u0142a we wsp\u00f3\u0142czesnym \u015bwiecie. Natomiast pastor Konrad Pasikowski wyg\u0142osi\u0142 kazanie w oparciu o tekst z Ewangelii Jana 1,38.39, w kt\u00f3rym pierwsi uczniowi spotykaj\u0105 Jezusa z Nazaretu i pytaj\u0105 Go o miejsce zamieszkania, otrzymuj\u0105 zaproszenie, id\u0105 tam i zostaj\u0105 na noc. W oparciu o ten i inne fragmenty z Ewangelii Jana pastor opowiada\u0142 o do\u015bwiadczeniu domu, o powrocie do domu, o adopcji psa &#8211; a wi\u0119c jak dom znalaz\u0142 psa, i w ko\u0144cu o tym, \u017ce Ko\u015bci\u00f3\u0142 jest w\u0142a\u015bnie jak taki dom, kt\u00f3ry szuka ludzi &#8222;duchowo bezdomnych&#8221;, przygarnia ich i w\u0142\u0105cza do bo\u017cej rodziny. <\/p>\n\n\n\n<p>Po zako\u0144czeniu nabo\u017ce\u0144stwa wykonano wsp\u00f3ln\u0105, pami\u0105tkow\u0105, fotografi\u0119, mo\u017cna by\u0142o te\u017c chwil\u0119 porozmawia\u0107 ze sob\u0105 przy herbatce i ciasteczkach. <\/p>\n","protected":false},"excerpt":{"rendered":"<p>Historia Zboru \u0141\u00f3d\u017a-G\u00f3rna W 1989 r. zakupiono od pani Haliny Stawerskiej dom przy ul. P\u0142ockiej 28, z my\u015bl\u0105 o adaptacji i przeznaczeniu go do cel\u00f3w sakralnych. W przysz\u0142o\u015bci mia\u0142 tu powsta\u0107 drugi \u0142\u00f3dzki zb\u00f3r Ko\u015bcio\u0142a Adwentyst\u00f3w Dnia Si\u00f3dmego. Pomys\u0142odawc\u0105 tego przedsi\u0119wzi\u0119cia by\u0142 od samego pocz\u0105tku pastor Miros\u0142aw Karauda, natomiast realizatorem zakupu by\u0142 \u00f3wczesny przewodnicz\u0105cy Diecezji [&hellip;]<\/p>\n","protected":false},"author":2,"featured_media":0,"parent":57,"menu_order":3,"comment_status":"closed","ping_status":"closed","template":"","meta":{"zakra_sidebar_layout":"customizer","zakra_remove_content_margin":false,"zakra_sidebar":"customizer","zakra_transparent_header":"customizer","zakra_logo":0,"zakra_main_header_style":"default","zakra_menu_item_color":"","zakra_menu_item_hover_color":"","zakra_menu_item_active_color":"","zakra_menu_active_style":"","zakra_page_header":true,"footnotes":""},"class_list":["post-39","page","type-page","status-publish","hentry"],"_links":{"self":[{"href":"https:\/\/lodz-gorna.adwent.pl\/index.php?rest_route=\/wp\/v2\/pages\/39","targetHints":{"allow":["GET"]}}],"collection":[{"href":"https:\/\/lodz-gorna.adwent.pl\/index.php?rest_route=\/wp\/v2\/pages"}],"about":[{"href":"https:\/\/lodz-gorna.adwent.pl\/index.php?rest_route=\/wp\/v2\/types\/page"}],"author":[{"embeddable":true,"href":"https:\/\/lodz-gorna.adwent.pl\/index.php?rest_route=\/wp\/v2\/users\/2"}],"replies":[{"embeddable":true,"href":"https:\/\/lodz-gorna.adwent.pl\/index.php?rest_route=%2Fwp%2Fv2%2Fcomments&post=39"}],"version-history":[{"count":4,"href":"https:\/\/lodz-gorna.adwent.pl\/index.php?rest_route=\/wp\/v2\/pages\/39\/revisions"}],"predecessor-version":[{"id":265,"href":"https:\/\/lodz-gorna.adwent.pl\/index.php?rest_route=\/wp\/v2\/pages\/39\/revisions\/265"}],"up":[{"embeddable":true,"href":"https:\/\/lodz-gorna.adwent.pl\/index.php?rest_route=\/wp\/v2\/pages\/57"}],"wp:attachment":[{"href":"https:\/\/lodz-gorna.adwent.pl\/index.php?rest_route=%2Fwp%2Fv2%2Fmedia&parent=39"}],"curies":[{"name":"wp","href":"https:\/\/api.w.org\/{rel}","templated":true}]}}