{"id":49,"date":"2022-10-06T14:38:41","date_gmt":"2022-10-06T14:38:41","guid":{"rendered":"https:\/\/lodz-gorna.adwent.pl\/?page_id=49"},"modified":"2022-10-21T15:50:51","modified_gmt":"2022-10-21T15:50:51","slug":"kontakt","status":"publish","type":"page","link":"https:\/\/lodz-gorna.adwent.pl\/?page_id=49","title":{"rendered":"Kontakt"},"content":{"rendered":"\t\t<div data-elementor-type=\"wp-page\" data-elementor-id=\"49\" class=\"elementor elementor-49\">\n\t\t\t\t\t\t<section class=\"elementor-section elementor-top-section elementor-element elementor-element-1b60f51 elementor-section-boxed elementor-section-height-default elementor-section-height-default\" data-id=\"1b60f51\" data-element_type=\"section\">\n\t\t\t\t\t\t<div class=\"elementor-container elementor-column-gap-default\">\n\t\t\t\t\t<div class=\"elementor-column elementor-col-50 elementor-top-column elementor-element elementor-element-e525629\" data-id=\"e525629\" data-element_type=\"column\">\n\t\t\t<div class=\"elementor-widget-wrap elementor-element-populated\">\n\t\t\t\t\t\t<div class=\"elementor-element elementor-element-c93c9ad elementor-widget elementor-widget-text-editor\" data-id=\"c93c9ad\" data-element_type=\"widget\" data-widget_type=\"text-editor.default\">\n\t\t\t\t<div class=\"elementor-widget-container\">\n\t\t\t\t\t\t\t\t\t<p style=\"font-size: 14.4px; font-style: normal;\"><b>pastor Konrad Pasikowski<\/b><br \/>tel.: +48 669 450 105<br \/>email: konrad.pasikowski@adwent.pl<\/p>\n<p style=\"font-size: 14.4px; font-style: normal;\"><span style=\"color: var( --e-global-color-text ); font-family: var( --e-global-typography-text-font-family ), Sans-serif;\"><b>Adres ko\u015bcio\u0142a<\/b>:<br \/><\/span><span style=\"font-weight: 400; color: var( --e-global-color-text ); font-family: var( --e-global-typography-text-font-family ), Sans-serif;\">ul. P\u0142ocka 28<br \/><\/span><span style=\"font-weight: 400; color: var( --e-global-color-text ); font-family: var( --e-global-typography-text-font-family ), Sans-serif;\">93-134 \u0141\u00f3d\u017a<\/span><\/p>\n<p style=\"font-size: 14.4px; font-style: normal; font-weight: 400;\">Je\u015bli chcesz wesprze\u0107 nasz\u0105 misj\u0119 mo\u017cesz z\u0142o\u017cy\u0107 dobrowolny datek na Ko\u015bci\u00f3\u0142 &#8211; z g\u00f3ry, B\u00f3g zap\u0142a\u0107!<\/p>\n<p style=\"font-size: 14.4px; font-style: normal;\"><span style=\"color: var( --e-global-color-text ); font-family: var( --e-global-typography-text-font-family ), Sans-serif;\"><b>Rachunek bankowy Zboru<\/b>:<br \/>Ko\u015bci\u00f3\u0142 Adwentyst\u00f3w Dnia Si\u00f3dmego Zb\u00f3r \u0141\u00f3d\u017a-G\u00f3rna<br \/><\/span><span style=\"color: var( --e-global-color-text ); font-family: var( --e-global-typography-text-font-family ), Sans-serif;\">15 1750 0012 0000 0000 2765 4727<\/span><\/p>\n<p style=\"margin-bottom: 1.4em; font-size: 14.4px; font-style: normal; font-weight: 400;\">Numer IBAN:<br \/>PL15 1750 0012 0000 0000 2765 4727<\/p>\t\t\t\t\t\t\t\t<\/div>\n\t\t\t\t<\/div>\n\t\t\t\t\t<\/div>\n\t\t<\/div>\n\t\t\t\t<div class=\"elementor-column elementor-col-50 elementor-top-column elementor-element elementor-element-99fcf23\" data-id=\"99fcf23\" data-element_type=\"column\">\n\t\t\t<div class=\"elementor-widget-wrap elementor-element-populated\">\n\t\t\t\t\t\t<div class=\"elementor-element elementor-element-331fa50 elementor-widget elementor-widget-google_maps\" data-id=\"331fa50\" data-element_type=\"widget\" data-widget_type=\"google_maps.default\">\n\t\t\t\t<div class=\"elementor-widget-container\">\n\t\t\t\t\t\t\t<div class=\"elementor-custom-embed\">\n\t\t\t<iframe loading=\"lazy\"\n\t\t\t\t\tsrc=\"https:\/\/maps.google.com\/maps?q=Ko%C5%9Bci%C3%B3%C5%82%20Adwentyst%C3%B3w%20Dnia%20Si%C3%B3dmego%2C%20ul.%20P%C5%82ocka%2028%2C%2093-134%20%C5%81%C3%B3%C5%BA&#038;t=m&#038;z=13&#038;output=embed&#038;iwloc=near\"\n\t\t\t\t\ttitle=\"Ko\u015bci\u00f3\u0142 Adwentyst\u00f3w Dnia Si\u00f3dmego, ul. P\u0142ocka 28, 93-134 \u0141\u00f3\u017a\"\n\t\t\t\t\taria-label=\"Ko\u015bci\u00f3\u0142 Adwentyst\u00f3w Dnia Si\u00f3dmego, ul. P\u0142ocka 28, 93-134 \u0141\u00f3\u017a\"\n\t\t\t><\/iframe>\n\t\t<\/div>\n\t\t\t\t\t\t<\/div>\n\t\t\t\t<\/div>\n\t\t\t\t\t<\/div>\n\t\t<\/div>\n\t\t\t\t\t<\/div>\n\t\t<\/section>\n\t\t\t\t<\/div>\n\t\t","protected":false},"excerpt":{"rendered":"<p>pastor Konrad Pasikowskitel.: +48 669 450 105email: konrad.pasikowski@adwent.pl Adres ko\u015bcio\u0142a:ul. P\u0142ocka 2893-134 \u0141\u00f3d\u017a Je\u015bli chcesz wesprze\u0107 nasz\u0105 misj\u0119 mo\u017cesz z\u0142o\u017cy\u0107 dobrowolny datek na Ko\u015bci\u00f3\u0142 &#8211; z g\u00f3ry, B\u00f3g zap\u0142a\u0107! Rachunek bankowy Zboru:Ko\u015bci\u00f3\u0142 Adwentyst\u00f3w Dnia Si\u00f3dmego Zb\u00f3r \u0141\u00f3d\u017a-G\u00f3rna15 1750 0012 0000 0000 2765 4727 Numer IBAN:PL15 1750 0012 0000 0000 2765 4727<\/p>\n","protected":false},"author":2,"featured_media":0,"parent":0,"menu_order":0,"comment_status":"closed","ping_status":"closed","template":"","meta":{"zakra_sidebar_layout":"customizer","zakra_remove_content_margin":false,"zakra_sidebar":"customizer","zakra_transparent_header":"customizer","zakra_logo":0,"zakra_main_header_style":"default","zakra_menu_item_color":"","zakra_menu_item_hover_color":"","zakra_menu_item_active_color":"","zakra_menu_active_style":"","zakra_page_header":true,"footnotes":""},"class_list":["post-49","page","type-page","status-publish","hentry"],"_links":{"self":[{"href":"https:\/\/lodz-gorna.adwent.pl\/index.php?rest_route=\/wp\/v2\/pages\/49","targetHints":{"allow":["GET"]}}],"collection":[{"href":"https:\/\/lodz-gorna.adwent.pl\/index.php?rest_route=\/wp\/v2\/pages"}],"about":[{"href":"https:\/\/lodz-gorna.adwent.pl\/index.php?rest_route=\/wp\/v2\/types\/page"}],"author":[{"embeddable":true,"href":"https:\/\/lodz-gorna.adwent.pl\/index.php?rest_route=\/wp\/v2\/users\/2"}],"replies":[{"embeddable":true,"href":"https:\/\/lodz-gorna.adwent.pl\/index.php?rest_route=%2Fwp%2Fv2%2Fcomments&post=49"}],"version-history":[{"count":7,"href":"https:\/\/lodz-gorna.adwent.pl\/index.php?rest_route=\/wp\/v2\/pages\/49\/revisions"}],"predecessor-version":[{"id":201,"href":"https:\/\/lodz-gorna.adwent.pl\/index.php?rest_route=\/wp\/v2\/pages\/49\/revisions\/201"}],"wp:attachment":[{"href":"https:\/\/lodz-gorna.adwent.pl\/index.php?rest_route=%2Fwp%2Fv2%2Fmedia&parent=49"}],"curies":[{"name":"wp","href":"https:\/\/api.w.org\/{rel}","templated":true}]}}