{"id":57,"date":"2022-10-06T14:40:33","date_gmt":"2022-10-06T14:40:33","guid":{"rendered":"https:\/\/lodz-gorna.adwent.pl\/?page_id=57"},"modified":"2022-10-21T17:57:13","modified_gmt":"2022-10-21T17:57:13","slug":"o-nas","status":"publish","type":"page","link":"https:\/\/lodz-gorna.adwent.pl\/?page_id=57","title":{"rendered":"O nas"},"content":{"rendered":"\t\t<div data-elementor-type=\"wp-page\" data-elementor-id=\"57\" class=\"elementor elementor-57\">\n\t\t\t\t\t\t<section class=\"elementor-section elementor-top-section elementor-element elementor-element-98b35a5 elementor-section-boxed elementor-section-height-default elementor-section-height-default\" data-id=\"98b35a5\" data-element_type=\"section\">\n\t\t\t\t\t\t<div class=\"elementor-container elementor-column-gap-default\">\n\t\t\t\t\t<div class=\"elementor-column elementor-col-100 elementor-top-column elementor-element elementor-element-7008a66\" data-id=\"7008a66\" data-element_type=\"column\">\n\t\t\t<div class=\"elementor-widget-wrap elementor-element-populated\">\n\t\t\t\t\t\t<div class=\"elementor-element elementor-element-8a64908 elementor-widget elementor-widget-text-editor\" data-id=\"8a64908\" data-element_type=\"widget\" data-widget_type=\"text-editor.default\">\n\t\t\t\t<div class=\"elementor-widget-container\">\n\t\t\t\t\t\t\t\t\t<p>Dzie\u0144 dobry!&nbsp;<\/p>\n<p>Cieszymy si\u0119, \u017ce odwiedzi\u0142e\u015b nasz\u0105 witryn\u0119 internetow\u0105. Na tej stronie napisali\u015bmy kilka s\u0142\u00f3w konkretnie o nas &#8211; o adwentystach ze Zboru \u0141\u00f3d\u017a-G\u00f3rna. Je\u015bli chcesz dowiedzie\u0107 si\u0119 wi\u0119cej&nbsp;<a href=\"https:\/\/lodz-gorna.adwent.pl\/?page_id=219\" target=\"_blank\">na temat Ko\u015bcio\u0142a w og\u00f3le zajrzyj do zak\u0142adki 'O Ko\u015bciele&#8217;<\/a>, a je\u015bli chcesz pozna\u0107 szczeg\u00f3\u0142ow\u0105 doktryn\u0119 wiary,&nbsp;<a href=\"https:\/\/lodz-gorna.adwent.pl\/?page_id=42\" target=\"_blank\" style=\"font-family: var( --e-global-typography-text-font-family ), Sans-serif; font-weight: var( --e-global-typography-text-font-weight ); background-color: rgb(255, 255, 255); font-size: 1rem;\">kliknij podstron\u0119 'W co wierzymy&#8217;<\/a>.<\/p>\n<p>A teraz zgodnie z obietnic\u0105, kilka s\u0142\u00f3w od nas o nas \ud83d\ude42<\/p><p><span style=\"color: var( --e-global-color-text ); font-family: var( --e-global-typography-text-font-family ), Sans-serif;\">Jeste\u015bmy niewielk\u0105 spo\u0142eczno\u015bci\u0105 chrze\u015bcija\u0144sk\u0105, protestanck\u0105, jednak staramy si\u0119 pr\u0119\u017cnie dzia\u0142a\u0107, zar\u00f3wno w sferze duchowo\u015bci religijnej jak i zaanga\u017cowania spo\u0142ecznego.&nbsp;<\/span><\/p>\n<div><span style=\"font-style: inherit; font-weight: inherit; color: var( --e-global-color-text ); font-family: var( --e-global-typography-text-font-family ), Sans-serif;\">Jeste\u015bmy drugim, \u0142\u00f3dzkim Zborem Ko\u015bcio\u0142a Adwentyst\u00f3w Dnia Si\u00f3dmego w RP, a jako \u017ce mie\u015bcimy si\u0119 w dzielnicy \u0141\u00f3d\u017a-G\u00f3rna, to taka jest te\u017c nasza nazwa: Zb\u00f3r \u0141\u00f3d\u017a-G\u00f3rna, lub w skr\u00f3cie Adwenty\u015bci \u0141\u00f3d\u017a-G\u00f3rna (pod tak\u0105 nazw\u0105 znajdziecie nas na Instagramie, Facebooku i YouTube).&nbsp;<\/span><br><\/div>\n<div><span style=\"font-style: inherit; font-weight: inherit; color: var( --e-global-color-text ); font-family: var( --e-global-typography-text-font-family ), Sans-serif;\"><br><\/span><\/div>\n<p>Nasz ko\u015bci\u00f3\u0142 mie\u015bci si\u0119 na osiedlu G\u00f3rniak, przy jego wschodniej granicy z Zarzewem &#8211; mianowicie: ul. P\u0142ocka 28. Nabo\u017ce\u0144stwa odbywaj\u0105 si\u0119 co tydzie\u0144, w sobot\u0119, o godz. 10.30 i trwaj\u0105 zazwyczaj ok. 2h (w trakcie nabo\u017ce\u0144stwa mo\u017cna skorzysta\u0107 z toalety, zazwyczaj jest te\u017c ok. 5-minutowa przerwa techniczna).&nbsp;<\/p>\n<p><span style=\"font-style: inherit; font-weight: inherit; color: var( --e-global-color-text ); font-family: var( --e-global-typography-text-font-family ), Sans-serif;\">Na terenie naszego Zboru dzia\u0142a zesp\u00f3\u0142 muzyczny, dzi\u0119ki kt\u00f3remu zawsze nasza muzyka uwielbienia jest wykonywana na \u017cywo.&nbsp;<\/span><span style=\"font-style: inherit; font-weight: inherit; color: var( --e-global-color-text ); font-family: var( --e-global-typography-text-font-family ), Sans-serif;\">Kazania (homilie) rejestrujemy i publikujemy na YouTube.&nbsp;<\/span><\/p>\n<p><span style=\"font-style: inherit; font-weight: inherit; color: var( --e-global-color-text ); font-family: var( --e-global-typography-text-font-family ), Sans-serif;\">Ponadto, od marca 2022 prowadzimy schronisko dla uchod\u017ac\u00f3w z Ukrainy, przez kt\u00f3re przewin\u0119\u0142o si\u0119 ju\u017c ok. 30 os\u00f3b, a aktualnie przebywa 9 z nich.&nbsp;<\/span><\/p>\n<p>Jako wsp\u00f3lnota anga\u017cujemy si\u0119 r\u00f3wnie\u017c w rozmaite wydarzenia charytatywne takie jak Wielka Orkiestra \u015awi\u0105tecznej Pomocy, co wida\u0107 w tradycyjnie ju\u017c organizowanych styczniowych koncertach.&nbsp;<\/p>\n<p>Zapraszamy do odwiedzenia nas&nbsp;<a href=\"https:\/\/lodz-gorna.adwent.pl\/?page_id=80\">podczas nabo\u017ce\u0144stwa<\/a>, lub&nbsp;<a href=\"https:\/\/lodz-gorna.adwent.pl\/?page_id=94\" target=\"_blank\">skontaktowania si\u0119 z naszym pastorem<\/a>, kt\u00f3ry s\u0142u\u017cy wys\u0142uchaniem, rozmow\u0105, modlitw\u0105 i &#8211; dla zainteresowanych &#8211; indywidualnym, darmowym kursem biblijnym.<\/p>\t\t\t\t\t\t\t\t<\/div>\n\t\t\t\t<\/div>\n\t\t\t\t\t<\/div>\n\t\t<\/div>\n\t\t\t\t\t<\/div>\n\t\t<\/section>\n\t\t\t\t<\/div>\n\t\t","protected":false},"excerpt":{"rendered":"<p>Dzie\u0144 dobry!&nbsp; Cieszymy si\u0119, \u017ce odwiedzi\u0142e\u015b nasz\u0105 witryn\u0119 internetow\u0105. Na tej stronie napisali\u015bmy kilka s\u0142\u00f3w konkretnie o nas &#8211; o adwentystach ze Zboru \u0141\u00f3d\u017a-G\u00f3rna. Je\u015bli chcesz dowiedzie\u0107 si\u0119 wi\u0119cej&nbsp;na temat Ko\u015bcio\u0142a w og\u00f3le zajrzyj do zak\u0142adki 'O Ko\u015bciele&#8217;, a je\u015bli chcesz pozna\u0107 szczeg\u00f3\u0142ow\u0105 doktryn\u0119 wiary,&nbsp;kliknij podstron\u0119 'W co wierzymy&#8217;. A teraz zgodnie z obietnic\u0105, kilka [&hellip;]<\/p>\n","protected":false},"author":2,"featured_media":0,"parent":0,"menu_order":0,"comment_status":"closed","ping_status":"closed","template":"","meta":{"zakra_sidebar_layout":"customizer","zakra_remove_content_margin":false,"zakra_sidebar":"customizer","zakra_transparent_header":"customizer","zakra_logo":0,"zakra_main_header_style":"default","zakra_menu_item_color":"","zakra_menu_item_hover_color":"","zakra_menu_item_active_color":"","zakra_menu_active_style":"","zakra_page_header":true,"footnotes":""},"class_list":["post-57","page","type-page","status-publish","hentry"],"_links":{"self":[{"href":"https:\/\/lodz-gorna.adwent.pl\/index.php?rest_route=\/wp\/v2\/pages\/57","targetHints":{"allow":["GET"]}}],"collection":[{"href":"https:\/\/lodz-gorna.adwent.pl\/index.php?rest_route=\/wp\/v2\/pages"}],"about":[{"href":"https:\/\/lodz-gorna.adwent.pl\/index.php?rest_route=\/wp\/v2\/types\/page"}],"author":[{"embeddable":true,"href":"https:\/\/lodz-gorna.adwent.pl\/index.php?rest_route=\/wp\/v2\/users\/2"}],"replies":[{"embeddable":true,"href":"https:\/\/lodz-gorna.adwent.pl\/index.php?rest_route=%2Fwp%2Fv2%2Fcomments&post=57"}],"version-history":[{"count":19,"href":"https:\/\/lodz-gorna.adwent.pl\/index.php?rest_route=\/wp\/v2\/pages\/57\/revisions"}],"predecessor-version":[{"id":240,"href":"https:\/\/lodz-gorna.adwent.pl\/index.php?rest_route=\/wp\/v2\/pages\/57\/revisions\/240"}],"wp:attachment":[{"href":"https:\/\/lodz-gorna.adwent.pl\/index.php?rest_route=%2Fwp%2Fv2%2Fmedia&parent=57"}],"curies":[{"name":"wp","href":"https:\/\/api.w.org\/{rel}","templated":true}]}}