{"id":94,"date":"2022-10-13T02:34:25","date_gmt":"2022-10-13T02:34:25","guid":{"rendered":"https:\/\/lodz-gorna.adwent.pl\/?page_id=94"},"modified":"2025-08-06T09:28:36","modified_gmt":"2025-08-06T09:28:36","slug":"pastor","status":"publish","type":"page","link":"https:\/\/lodz-gorna.adwent.pl\/?page_id=94","title":{"rendered":"Pastor"},"content":{"rendered":"\n<figure class=\"wp-block-image size-large\"><img fetchpriority=\"high\" decoding=\"async\" width=\"1024\" height=\"683\" src=\"https:\/\/lodz-gorna.adwent.pl\/wp-content\/uploads\/2025\/08\/Pastor-Konrad-Pasikowski-1024x683.jpg\" alt=\"\" class=\"wp-image-251\" srcset=\"https:\/\/lodz-gorna.adwent.pl\/wp-content\/uploads\/2025\/08\/Pastor-Konrad-Pasikowski-1024x683.jpg 1024w, https:\/\/lodz-gorna.adwent.pl\/wp-content\/uploads\/2025\/08\/Pastor-Konrad-Pasikowski-300x200.jpg 300w, https:\/\/lodz-gorna.adwent.pl\/wp-content\/uploads\/2025\/08\/Pastor-Konrad-Pasikowski-768x512.jpg 768w, https:\/\/lodz-gorna.adwent.pl\/wp-content\/uploads\/2025\/08\/Pastor-Konrad-Pasikowski-1536x1024.jpg 1536w, https:\/\/lodz-gorna.adwent.pl\/wp-content\/uploads\/2025\/08\/Pastor-Konrad-Pasikowski.jpg 1600w\" sizes=\"(max-width: 1024px) 100vw, 1024px\" \/><\/figure>\n\n\n\n<div class=\"wp-block-columns is-layout-flex wp-container-core-columns-is-layout-28f84493 wp-block-columns-is-layout-flex\">\n<div class=\"wp-block-column is-layout-flow wp-block-column-is-layout-flow\" style=\"flex-basis:66.66%\">\n<p><strong>Pastor Konrad Pasikowski<\/strong> pe\u0142ni s\u0142u\u017cb\u0119 w Zborze \u0141\u00f3d\u017a-G\u00f3rna od wrze\u015bnia 2020 roku (do 01.05.2025 pe\u0142ni\u0142 r\u00f3wnie\u017c s\u0142u\u017cb\u0119 duszpasterza w drugim \u0142\u00f3dzkim zborze: \u0141\u00f3d\u017a-Widzew). Przed przeprowadzk\u0105 do \u0141odzi s\u0142u\u017cy\u0142 6 lat na terenie Siedlec, \u0141ukowa i W\u0119growa (2014-2020), a tak\u017ce przez chwil\u0119 w Zambrowie oraz w Sekretariacie M\u0142odzie\u017cy Diecezji Wschodniej (2019 r.). Wcze\u015bniej jeszcze pe\u0142ni\u0142 funkcj\u0119 ewangelisty na terenie Siemianowic \u015al\u0105skich i Chorzowa (2013-2014 r.) oraz Mszczonowa, Grodziska Mazowieckiego, Sochaczewa i Podkowy Le\u015bnej (2012-2013 r.).<\/p>\n\n\n\n<p>Od 1 maja 2025 r. powo\u0142any przez Rad\u0119 Diecezji Wschodniej r\u00f3wnie\u017c na funkcj\u0119 pastora okr\u0119gowego Okr\u0119gu Mazowieckiego oraz jako <em>church planter<\/em> (zak\u0142adaj\u0105cy zbory) do misji w \u0141odzi oraz Warszawie. <br><br>Z wykszta\u0142cenia jest teologiem (licencjat z teologii adwentystycznej w: Wy\u017csza Szko\u0142a Teologiczno-Humanistyczna im. Micha\u0142a Beliny-Czechowskiego, 2013 r.) oraz pedagogiem (magister pedagogiki w: Uniwersytet Przyrodniczo-Humanistyczny w Siedlcach, 2016 r.); uko\u0144czy\u0142 r\u00f3wnie\u017c absolutorium studi\u00f3w doktoranckich z pedagogiki; opr\u00f3cz pracy duszpasterskiej s\u0142u\u017cy Ko\u015bcio\u0142owi jako nieetatowy wyk\u0142adowca religiologii i metodologii bada\u0144 pedagogicznych we wspomnianej ju\u017c ko\u015bcielnej uczelni WSTH.<br><br>W wolnych chwilach s\u0142ucha dobrej muzyki (jazz, indie, muzyka klasyczna), czyta ksi\u0105\u017cki filozoficzne, prowadzi bloga o tematyce religijno-filozoficznej (<a href=\"https:\/\/sensoholik.com\/\" data-type=\"link\" data-id=\"https:\/\/sensoholik.com\/\">www.sensoholik.com<\/a>) oraz pisze wiersze. Ponadto uwielbia podr\u00f3\u017cowa\u0107 po \u015bwiecie ze swoj\u0105 \u017con\u0105 Mart\u0105, odwiedza\u0107 galerie sztuki oraz chodzi\u0107 na wsp\u00f3lne spacery z ich suczk\u0105 Keir\u0105.<br><br>Je\u015bli potrzebujesz porozmawia\u0107 lub pomodli\u0107 si\u0119, albo interesuj\u0105 Ci\u0119 zagadnienia biblijne\/zwi\u0105zane z nauk\u0105 Ko\u015bcio\u0142a Adwentyst\u00f3w Dnia Si\u00f3dmego &#8211; <a href=\"https:\/\/lodz-gorna.adwent.pl\/?page_id=49\" target=\"_blank\" rel=\"noreferrer noopener\">zapraszamy do kontaktu z naszym Pastorem<\/a>.<\/p>\n<\/div>\n<\/div>\n","protected":false},"excerpt":{"rendered":"<p>Pastor Konrad Pasikowski pe\u0142ni s\u0142u\u017cb\u0119 w Zborze \u0141\u00f3d\u017a-G\u00f3rna od wrze\u015bnia 2020 roku (do 01.05.2025 pe\u0142ni\u0142 r\u00f3wnie\u017c s\u0142u\u017cb\u0119 duszpasterza w drugim \u0142\u00f3dzkim zborze: \u0141\u00f3d\u017a-Widzew). Przed przeprowadzk\u0105 do \u0141odzi s\u0142u\u017cy\u0142 6 lat na terenie Siedlec, \u0141ukowa i W\u0119growa (2014-2020), a tak\u017ce przez chwil\u0119 w Zambrowie oraz w Sekretariacie M\u0142odzie\u017cy Diecezji Wschodniej (2019 r.). Wcze\u015bniej jeszcze pe\u0142ni\u0142 funkcj\u0119 [&hellip;]<\/p>\n","protected":false},"author":2,"featured_media":0,"parent":57,"menu_order":1,"comment_status":"closed","ping_status":"closed","template":"","meta":{"zakra_sidebar_layout":"customizer","zakra_remove_content_margin":false,"zakra_sidebar":"customizer","zakra_transparent_header":"customizer","zakra_logo":0,"zakra_main_header_style":"default","zakra_menu_item_color":"","zakra_menu_item_hover_color":"","zakra_menu_item_active_color":"","zakra_menu_active_style":"","zakra_page_header":true,"footnotes":""},"class_list":["post-94","page","type-page","status-publish","hentry"],"_links":{"self":[{"href":"https:\/\/lodz-gorna.adwent.pl\/index.php?rest_route=\/wp\/v2\/pages\/94","targetHints":{"allow":["GET"]}}],"collection":[{"href":"https:\/\/lodz-gorna.adwent.pl\/index.php?rest_route=\/wp\/v2\/pages"}],"about":[{"href":"https:\/\/lodz-gorna.adwent.pl\/index.php?rest_route=\/wp\/v2\/types\/page"}],"author":[{"embeddable":true,"href":"https:\/\/lodz-gorna.adwent.pl\/index.php?rest_route=\/wp\/v2\/users\/2"}],"replies":[{"embeddable":true,"href":"https:\/\/lodz-gorna.adwent.pl\/index.php?rest_route=%2Fwp%2Fv2%2Fcomments&post=94"}],"version-history":[{"count":7,"href":"https:\/\/lodz-gorna.adwent.pl\/index.php?rest_route=\/wp\/v2\/pages\/94\/revisions"}],"predecessor-version":[{"id":282,"href":"https:\/\/lodz-gorna.adwent.pl\/index.php?rest_route=\/wp\/v2\/pages\/94\/revisions\/282"}],"up":[{"embeddable":true,"href":"https:\/\/lodz-gorna.adwent.pl\/index.php?rest_route=\/wp\/v2\/pages\/57"}],"wp:attachment":[{"href":"https:\/\/lodz-gorna.adwent.pl\/index.php?rest_route=%2Fwp%2Fv2%2Fmedia&parent=94"}],"curies":[{"name":"wp","href":"https:\/\/api.w.org\/{rel}","templated":true}]}}